{"id":2,"date":"2024-09-16T08:26:35","date_gmt":"2024-09-16T06:26:35","guid":{"rendered":"http:\/\/wordpress.p677516.webspaceconfig.de\/?page_id=2"},"modified":"2025-12-03T09:23:15","modified_gmt":"2025-12-03T08:23:15","slug":"beispiel-seite","status":"publish","type":"page","link":"https:\/\/www.vier-haareszeiten-langenbach.de\/","title":{"rendered":"Startseite"},"content":{"rendered":"<div id='av_section_1'  class='avia-section av-m14ykrgx-ebecf05391c30c57a9028bb26381331a main_color avia-section-default avia-no-border-styling  avia-builder-el-0  el_before_av_section  avia-builder-el-first  avia-bg-style-scroll av-section-with-video-bg container_wrap sidebar_right'   data-section-video-ratio='16:9'><div  class='avia-slideshow av_slideshow_obj-1-69f3ce9ca781c avia-slideshow-featured av_slideshow avia-slide-slider av-slideshow-ui av-control-default av-slideshow-manual av-loop-once av-loop-manual-endless av-default-height-applied  av-section-video-bg avia-slideshow-1' data-slideshow-options=\"{&quot;animation&quot;:&quot;slide&quot;,&quot;autoplay&quot;:false,&quot;loop_autoplay&quot;:&quot;once&quot;,&quot;interval&quot;:5,&quot;loop_manual&quot;:&quot;manual-endless&quot;,&quot;autoplay_stopper&quot;:false,&quot;noNavigation&quot;:false,&quot;bg_slider&quot;:false,&quot;keep_padding&quot;:false,&quot;hoverpause&quot;:false,&quot;show_slide_delay&quot;:0}\"  itemprop=\"image\" itemscope=\"itemscope\" itemtype=\"https:\/\/schema.org\/ImageObject\" ><ul class='avia-slideshow-inner ' style='padding-bottom: 28.666666666667%;'><li  data-controls='disabled' data-mute='aviaTBaviaTBvideo_mute' data-loop='1' data-disable-autoplay=''  data-video-ratio='1.7777777777778' class='avia-slideshow-slide av_slideshow_obj-1-69f3ce9ca781c__0  av-video-slide  av-video-service-youtube  av-hide-video-controls av-mute-video av-loop-video  av-single-slide slide-1 slide-odd'><div data-rel='slideshow-1' class='avia-slide-wrap '   ><div class='av-click-overlay'><\/div><div class='mejs-mediaelement'  itemprop=\"video\" itemtype=\"https:\/\/schema.org\/VideoObject\" ><div height='1600' width='900' class='av_youtube_frame' id='player_2_560926551_1110491799'  data-autoplay='0'  data-videoid='AWVRRxO0Yv4'  data-hd='1'  data-rel='0'  data-wmode='opaque'  data-loop='0'  data-version='3'  data-autohide='1'  data-color='white'  data-controls='0'  data-iv_load_policy='3'  data-original_url='https:\/\/youtu.be\/AWVRRxO0Yv4' ><\/div><\/div><div class=\"av-click-to-play-overlay\"><div class=\"avia_playpause_icon\"><\/div><\/div><\/div><\/li><\/ul><\/div><div class='container av-section-cont-open' ><main  role=\"main\" itemprop=\"mainContentOfPage\"  class='template-page content  av-content-small alpha units'><div class='post-entry post-entry-type-page post-entry-2'><div class='entry-content-wrapper clearfix'>\n\n\n<\/div><\/div><\/main><!-- close content main element --><\/div><\/div>\n<style type=\"text\/css\" data-created_by=\"avia_inline_auto\" id=\"style-css-av-m14y3p4d-ee025b1d4456f61a93044862b9dd0ea8\">\n.avia-section.av-m14y3p4d-ee025b1d4456f61a93044862b9dd0ea8{\nbackground-color:#ffffff;\nbackground-image:unset;\n}\n.avia-section.av-m14y3p4d-ee025b1d4456f61a93044862b9dd0ea8 .av-section-color-overlay{\nopacity:0.5;\nbackground-color:#cca093;\n}\n<\/style>\n<div id='av_section_2'  class='avia-section av-m14y3p4d-ee025b1d4456f61a93044862b9dd0ea8 main_color avia-section-default avia-no-border-styling  avia-builder-el-2  el_after_av_section  el_before_av_one_full  avia-bg-style-parallax av-section-color-overlay-active container_wrap sidebar_right'  ><div class=\"av-section-color-overlay-wrap\"><div class=\"av-section-color-overlay\"><\/div><div class='container av-section-cont-open' ><div class='template-page content  av-content-small alpha units'><div class='post-entry post-entry-type-page post-entry-2'><div class='entry-content-wrapper clearfix'>\n<div  class='avia-button-wrap av-m14y6j8w-d82c32a0a8d8ffd73f28206965528ae6-wrap avia-button-center  avia-builder-el-3  avia-builder-el-no-sibling '><a href='https:\/\/www.terminbuch.de\/vier-haareszeiten\/termine'  class='avia-button av-m14y6j8w-d82c32a0a8d8ffd73f28206965528ae6 avia-icon_select-yes-left-icon avia-size-large avia-position-center avia-color-theme-color'  ><span class='avia_button_icon avia_button_icon_left' aria-hidden='true' data-av_icon='\ue85b' data-av_iconfont='entypo-fontello'><\/span><span class='avia_iconbox_title' >Jetzt Termin vereinbaren<\/span><\/a><\/div>\n<\/div><\/div><\/div><!-- close content main div --><\/div><\/div><\/div><div id='after_section_2'  class='main_color av_default_container_wrap container_wrap sidebar_right'  ><div class='container av-section-cont-open' ><div class='template-page content  av-content-small alpha units'><div class='post-entry post-entry-type-page post-entry-2'><div class='entry-content-wrapper clearfix'>\n<div  class='flex_column av-4a5s-a80f6113c730b55162bdfe31cba91cfb av_one_full  avia-builder-el-4  el_after_av_section  el_before_av_one_full  avia-builder-el-first  first flex_column_div  '     ><section  class='av_textblock_section av-m14z6z8y-302bb4b95d631be370f5ce8952ac02ec '   itemscope=\"itemscope\" itemtype=\"https:\/\/schema.org\/CreativeWork\" ><div class='avia_textblock'  itemprop=\"text\" ><h3 style=\"text-align: center;\">Willkommen im &#8222;Vier Haareszeiten&#8220;<\/h3>\n<p style=\"text-align: center;\">Mein Name ist Veronika Weinsteiger und ich bin seit 2010 im Friseurbusiness t\u00e4tig. Nach meiner Ausbildung nutzte ich die Jahre um in renommierten Studios im Landkreis Freising und M\u00fcnchen Erfahrungen zu sammeln und meine Fachkenntnisse zu vertiefen.<\/p>\n<p style=\"text-align: center;\">2015 habe ich meine Ausbildung zur Meisterin erfolgreich abgeschlossen. Meine vielen Spezialschulungen, meine Erfahrungen mit Balayage, speziellen Str\u00e4hnen- und F\u00e4rbetechniken m\u00f6chte ich Ihnen nun, unter\u00a0Verwendung hochwertiger Produkte, in meinem eigenen Friseursalon in Langenbach anbieten.<\/p>\n<p style=\"text-align: center;\">Ich m\u00f6chte mich durch Qualit\u00e4t, Kreativit\u00e4t und Innovationen von der Masse abheben. Mein Ziel ist es kundenorientiert zu arbeiten und Sie fachlich und pers\u00f6nlich auf h\u00f6chstem Niveau zu beraten.<\/p>\n<p style=\"text-align: center;\">Ich freue mich auf Ihren Besuch!<\/p>\n<p><img loading=\"lazy\" decoding=\"async\" class=\"aligncenter size-medium wp-image-79\" src=\"https:\/\/www.vier-haareszeiten-langenbach.de\/wp-content\/uploads\/2024\/10\/Signature-300x138.png\" alt=\"\" width=\"300\" height=\"138\" srcset=\"https:\/\/www.vier-haareszeiten-langenbach.de\/wp-content\/uploads\/2024\/10\/Signature-300x138.png 300w, https:\/\/www.vier-haareszeiten-langenbach.de\/wp-content\/uploads\/2024\/10\/Signature.png 440w\" sizes=\"auto, (max-width: 300px) 100vw, 300px\" \/><\/p>\n<\/div><\/section><\/div><div  class='flex_column av-69um-ec0084f0bd45452b14cb9ffa80aca7c7 av_one_full  avia-builder-el-6  el_after_av_one_full  el_before_av_one_full  first flex_column_div  column-top-margin'     ><section  class='av_textblock_section av-9d0-0175c2d158b1369ac73efcf13894da07 '   itemscope=\"itemscope\" itemtype=\"https:\/\/schema.org\/CreativeWork\" ><div class='avia_textblock'  itemprop=\"text\" ><h3 style=\"text-align: center;\">Folgt uns gern auch auf Instagram<\/h3>\n<\/div><\/section><br \/>\n<\/p><\/div><\/p>\n<div  class='flex_column av-73wk-44be54afe96fd1f9e2d0b864f1ab638f av_one_full  avia-builder-el-9  el_after_av_one_full  avia-builder-el-last  first flex_column_div  column-top-margin'     ><p>\n<style type=\"text\/css\" data-created_by=\"avia_inline_auto\" id=\"style-css-av-dgey-31ed9eb457a49b0142865e8b3ad2b174\">\n#top .av-special-heading.av-dgey-31ed9eb457a49b0142865e8b3ad2b174{\npadding-bottom:10px;\n}\nbody .av-special-heading.av-dgey-31ed9eb457a49b0142865e8b3ad2b174 .av-special-heading-tag .heading-char{\nfont-size:25px;\n}\n.av-special-heading.av-dgey-31ed9eb457a49b0142865e8b3ad2b174 .av-subheading{\nfont-size:15px;\n}\n<\/style>\n<div  class='av-special-heading av-dgey-31ed9eb457a49b0142865e8b3ad2b174 av-special-heading-h3  avia-builder-el-10  el_before_av_codeblock  avia-builder-el-first '><h3 class='av-special-heading-tag'  itemprop=\"headline\"  >Google Bewertungen<\/h3><div class=\"special-heading-border\"><div class=\"special-heading-inner-border\"><\/div><\/div><\/div><br \/>\n<\/p><\/div>\n","protected":false},"excerpt":{"rendered":"","protected":false},"author":1,"featured_media":0,"parent":0,"menu_order":0,"comment_status":"closed","ping_status":"open","template":"","meta":{"footnotes":""},"class_list":["post-2","page","type-page","status-publish","hentry"],"_links":{"self":[{"href":"https:\/\/www.vier-haareszeiten-langenbach.de\/index.php\/wp-json\/wp\/v2\/pages\/2","targetHints":{"allow":["GET"]}}],"collection":[{"href":"https:\/\/www.vier-haareszeiten-langenbach.de\/index.php\/wp-json\/wp\/v2\/pages"}],"about":[{"href":"https:\/\/www.vier-haareszeiten-langenbach.de\/index.php\/wp-json\/wp\/v2\/types\/page"}],"author":[{"embeddable":true,"href":"https:\/\/www.vier-haareszeiten-langenbach.de\/index.php\/wp-json\/wp\/v2\/users\/1"}],"replies":[{"embeddable":true,"href":"https:\/\/www.vier-haareszeiten-langenbach.de\/index.php\/wp-json\/wp\/v2\/comments?post=2"}],"version-history":[{"count":34,"href":"https:\/\/www.vier-haareszeiten-langenbach.de\/index.php\/wp-json\/wp\/v2\/pages\/2\/revisions"}],"predecessor-version":[{"id":167,"href":"https:\/\/www.vier-haareszeiten-langenbach.de\/index.php\/wp-json\/wp\/v2\/pages\/2\/revisions\/167"}],"wp:attachment":[{"href":"https:\/\/www.vier-haareszeiten-langenbach.de\/index.php\/wp-json\/wp\/v2\/media?parent=2"}],"curies":[{"name":"wp","href":"https:\/\/api.w.org\/{rel}","templated":true}]}}